{"id":28,"date":"2015-06-14T11:27:26","date_gmt":"2015-06-14T11:27:26","guid":{"rendered":"http:\/\/www.alpinesportsandermatt.com\/?page_id=28"},"modified":"2023-11-16T12:56:54","modified_gmt":"2023-11-16T12:56:54","slug":"team","status":"publish","type":"page","link":"https:\/\/www.alpinesportsandermatt.com\/de\/about-us\/team\/","title":{"rendered":"Andermatt Ski Instructors"},"content":{"rendered":"<p><img loading=\"lazy\" decoding=\"async\" class=\"aligncenter size-full wp-image-481\" src=\"http:\/\/www.alpinesportsandermatt.com\/wp-content\/uploads\/2023\/11\/IMG_9446_1200x514px.jpg\" width=\"1200\" height=\"514\" \/><\/p>\n<h1>Das Team<\/h1>\n<p>Die Skischule Alpine Sports Andermatt verf\u00fcgt \u00fcber ein Team von sehr gut ausgebildeten, mehrsprachigen Ski- und Snowboardlehrern.\u00a0<span class=\"JLqJ4b ChMk0b\" data-language-for-alternatives=\"de\" data-language-to-translate-into=\"en\" data-phrase-index=\"1\">Unser Team kommt aus allen Teilen der Welt, teilt die Leidenschaft f\u00fcr das Unterrichten und ist stets bem\u00fcht seine Erfahrungen mit den G\u00e4sten zu teilen. <\/span><\/p>\n<p>Der Grossteil unseres Team sind ganzj\u00e4hrige Profis, die w\u00e4hrend unserer Sommermonate in Australien, Neuseeland oder S\u00fcdamerika unterrichten.<\/p>","protected":false},"excerpt":{"rendered":"<p>Das Team Die Skischule Alpine Sports Andermatt verf\u00fcgt <a class=\"more-link\" href=\"https:\/\/www.alpinesportsandermatt.com\/de\/about-us\/team\/\">Read More &#8230;<\/a><\/p>\n","protected":false},"author":1,"featured_media":0,"parent":16,"menu_order":0,"comment_status":"closed","ping_status":"open","template":"","meta":{"footnotes":""},"class_list":["post-28","page","type-page","status-publish","hentry"],"yoast_head":"<!-- This site is optimized with the Yoast SEO plugin v26.1.1 - https:\/\/yoast.com\/wordpress\/plugins\/seo\/ -->\n<title>Our Team of seasoned experts - Alpine Sports Andermatt<\/title>\n<meta name=\"description\" content=\"The international team of certified ski instructors at Alpine Sports Andermatt is looking forward teaching you skiing.\" \/>\n<meta name=\"robots\" content=\"index, follow, max-snippet:-1, max-image-preview:large, max-video-preview:-1\" \/>\n<link rel=\"canonical\" href=\"https:\/\/www.alpinesportsandermatt.com\/about-us\/team\/\" \/>\n<meta property=\"og:locale\" content=\"de_DE\" \/>\n<meta property=\"og:type\" content=\"article\" \/>\n<meta property=\"og:title\" content=\"Our Team of seasoned experts - Alpine Sports Andermatt\" \/>\n<meta property=\"og:description\" content=\"The international team of certified ski instructors at Alpine Sports Andermatt is looking forward teaching you skiing.\" \/>\n<meta property=\"og:url\" content=\"https:\/\/www.alpinesportsandermatt.com\/about-us\/team\/\" \/>\n<meta property=\"og:site_name\" content=\"Alpine Sports Andermatt\" \/>\n<meta property=\"article:publisher\" content=\"https:\/\/www.facebook.com\/alpinesportsandermatt\" \/>\n<meta property=\"article:modified_time\" content=\"2023-11-16T12:56:54+00:00\" \/>\n<meta property=\"og:image\" content=\"http:\/\/www.alpinesportsandermatt.com\/wp-content\/uploads\/2023\/11\/IMG_9446_1200x514px.jpg\" \/>\n<meta name=\"twitter:label1\" content=\"Gesch\u00e4tzte Lesezeit\" \/>\n\t<meta name=\"twitter:data1\" content=\"1\u00a0Minute\" \/>\n<script type=\"application\/ld+json\" class=\"yoast-schema-graph\">{\"@context\":\"https:\/\/schema.org\",\"@graph\":[{\"@type\":\"WebPage\",\"@id\":\"https:\/\/www.alpinesportsandermatt.com\/about-us\/team\/\",\"url\":\"https:\/\/www.alpinesportsandermatt.com\/about-us\/team\/\",\"name\":\"Our Team of seasoned experts - Alpine Sports Andermatt\",\"isPartOf\":{\"@id\":\"http:\/\/www.alpinesportsandermatt.com\/#website\"},\"primaryImageOfPage\":{\"@id\":\"https:\/\/www.alpinesportsandermatt.com\/about-us\/team\/#primaryimage\"},\"image\":{\"@id\":\"https:\/\/www.alpinesportsandermatt.com\/about-us\/team\/#primaryimage\"},\"thumbnailUrl\":\"http:\/\/www.alpinesportsandermatt.com\/wp-content\/uploads\/2023\/11\/IMG_9446_1200x514px.jpg\",\"datePublished\":\"2015-06-14T11:27:26+00:00\",\"dateModified\":\"2023-11-16T12:56:54+00:00\",\"description\":\"The international team of certified ski instructors at Alpine Sports Andermatt is looking forward teaching you skiing.\",\"breadcrumb\":{\"@id\":\"https:\/\/www.alpinesportsandermatt.com\/about-us\/team\/#breadcrumb\"},\"inLanguage\":\"de\",\"potentialAction\":[{\"@type\":\"ReadAction\",\"target\":[\"https:\/\/www.alpinesportsandermatt.com\/about-us\/team\/\"]}]},{\"@type\":\"ImageObject\",\"inLanguage\":\"de\",\"@id\":\"https:\/\/www.alpinesportsandermatt.com\/about-us\/team\/#primaryimage\",\"url\":\"http:\/\/www.alpinesportsandermatt.com\/wp-content\/uploads\/2023\/11\/IMG_9446_1200x514px.jpg\",\"contentUrl\":\"http:\/\/www.alpinesportsandermatt.com\/wp-content\/uploads\/2023\/11\/IMG_9446_1200x514px.jpg\"},{\"@type\":\"BreadcrumbList\",\"@id\":\"https:\/\/www.alpinesportsandermatt.com\/about-us\/team\/#breadcrumb\",\"itemListElement\":[{\"@type\":\"ListItem\",\"position\":1,\"name\":\"Startseite\",\"item\":\"http:\/\/www.alpinesportsandermatt.com\/\"},{\"@type\":\"ListItem\",\"position\":2,\"name\":\"About us\",\"item\":\"https:\/\/www.alpinesportsandermatt.com\/about-us\/\"},{\"@type\":\"ListItem\",\"position\":3,\"name\":\"Andermatt Ski Instructors\"}]},{\"@type\":\"WebSite\",\"@id\":\"http:\/\/www.alpinesportsandermatt.com\/#website\",\"url\":\"http:\/\/www.alpinesportsandermatt.com\/\",\"name\":\"Alpine Sports Andermatt\",\"description\":\"Premier Ski School in Andermatt\",\"publisher\":{\"@id\":\"http:\/\/www.alpinesportsandermatt.com\/#organization\"},\"potentialAction\":[{\"@type\":\"SearchAction\",\"target\":{\"@type\":\"EntryPoint\",\"urlTemplate\":\"http:\/\/www.alpinesportsandermatt.com\/?s={search_term_string}\"},\"query-input\":{\"@type\":\"PropertyValueSpecification\",\"valueRequired\":true,\"valueName\":\"search_term_string\"}}],\"inLanguage\":\"de\"},{\"@type\":\"Organization\",\"@id\":\"http:\/\/www.alpinesportsandermatt.com\/#organization\",\"name\":\"Alpine Sports Andermatt\",\"url\":\"http:\/\/www.alpinesportsandermatt.com\/\",\"logo\":{\"@type\":\"ImageObject\",\"inLanguage\":\"de\",\"@id\":\"http:\/\/www.alpinesportsandermatt.com\/#\/schema\/logo\/image\/\",\"url\":\"http:\/\/www.alpinesportsandermatt.com\/wp-content\/uploads\/2015\/06\/ASA-logo-small-square.png\",\"contentUrl\":\"http:\/\/www.alpinesportsandermatt.com\/wp-content\/uploads\/2015\/06\/ASA-logo-small-square.png\",\"width\":100,\"height\":100,\"caption\":\"Alpine Sports Andermatt\"},\"image\":{\"@id\":\"http:\/\/www.alpinesportsandermatt.com\/#\/schema\/logo\/image\/\"},\"sameAs\":[\"https:\/\/www.facebook.com\/alpinesportsandermatt\",\"https:\/\/www.instagram.com\/alpinesportsandermatt\/\"]}]}<\/script>\n<!-- \/ Yoast SEO plugin. -->","yoast_head_json":{"title":"Our Team of seasoned experts - Alpine Sports Andermatt","description":"The international team of certified ski instructors at Alpine Sports Andermatt is looking forward teaching you skiing.","robots":{"index":"index","follow":"follow","max-snippet":"max-snippet:-1","max-image-preview":"max-image-preview:large","max-video-preview":"max-video-preview:-1"},"canonical":"https:\/\/www.alpinesportsandermatt.com\/about-us\/team\/","og_locale":"de_DE","og_type":"article","og_title":"Our Team of seasoned experts - Alpine Sports Andermatt","og_description":"The international team of certified ski instructors at Alpine Sports Andermatt is looking forward teaching you skiing.","og_url":"https:\/\/www.alpinesportsandermatt.com\/about-us\/team\/","og_site_name":"Alpine Sports Andermatt","article_publisher":"https:\/\/www.facebook.com\/alpinesportsandermatt","article_modified_time":"2023-11-16T12:56:54+00:00","og_image":[{"url":"http:\/\/www.alpinesportsandermatt.com\/wp-content\/uploads\/2023\/11\/IMG_9446_1200x514px.jpg","type":"","width":"","height":""}],"twitter_misc":{"Gesch\u00e4tzte Lesezeit":"1\u00a0Minute"},"schema":{"@context":"https:\/\/schema.org","@graph":[{"@type":"WebPage","@id":"https:\/\/www.alpinesportsandermatt.com\/about-us\/team\/","url":"https:\/\/www.alpinesportsandermatt.com\/about-us\/team\/","name":"Our Team of seasoned experts - Alpine Sports Andermatt","isPartOf":{"@id":"http:\/\/www.alpinesportsandermatt.com\/#website"},"primaryImageOfPage":{"@id":"https:\/\/www.alpinesportsandermatt.com\/about-us\/team\/#primaryimage"},"image":{"@id":"https:\/\/www.alpinesportsandermatt.com\/about-us\/team\/#primaryimage"},"thumbnailUrl":"http:\/\/www.alpinesportsandermatt.com\/wp-content\/uploads\/2023\/11\/IMG_9446_1200x514px.jpg","datePublished":"2015-06-14T11:27:26+00:00","dateModified":"2023-11-16T12:56:54+00:00","description":"The international team of certified ski instructors at Alpine Sports Andermatt is looking forward teaching you skiing.","breadcrumb":{"@id":"https:\/\/www.alpinesportsandermatt.com\/about-us\/team\/#breadcrumb"},"inLanguage":"de","potentialAction":[{"@type":"ReadAction","target":["https:\/\/www.alpinesportsandermatt.com\/about-us\/team\/"]}]},{"@type":"ImageObject","inLanguage":"de","@id":"https:\/\/www.alpinesportsandermatt.com\/about-us\/team\/#primaryimage","url":"http:\/\/www.alpinesportsandermatt.com\/wp-content\/uploads\/2023\/11\/IMG_9446_1200x514px.jpg","contentUrl":"http:\/\/www.alpinesportsandermatt.com\/wp-content\/uploads\/2023\/11\/IMG_9446_1200x514px.jpg"},{"@type":"BreadcrumbList","@id":"https:\/\/www.alpinesportsandermatt.com\/about-us\/team\/#breadcrumb","itemListElement":[{"@type":"ListItem","position":1,"name":"Startseite","item":"http:\/\/www.alpinesportsandermatt.com\/"},{"@type":"ListItem","position":2,"name":"About us","item":"https:\/\/www.alpinesportsandermatt.com\/about-us\/"},{"@type":"ListItem","position":3,"name":"Andermatt Ski Instructors"}]},{"@type":"WebSite","@id":"http:\/\/www.alpinesportsandermatt.com\/#website","url":"http:\/\/www.alpinesportsandermatt.com\/","name":"Alpine Sports Andermatt","description":"Premier Ski School in Andermatt","publisher":{"@id":"http:\/\/www.alpinesportsandermatt.com\/#organization"},"potentialAction":[{"@type":"SearchAction","target":{"@type":"EntryPoint","urlTemplate":"http:\/\/www.alpinesportsandermatt.com\/?s={search_term_string}"},"query-input":{"@type":"PropertyValueSpecification","valueRequired":true,"valueName":"search_term_string"}}],"inLanguage":"de"},{"@type":"Organization","@id":"http:\/\/www.alpinesportsandermatt.com\/#organization","name":"Alpine Sports Andermatt","url":"http:\/\/www.alpinesportsandermatt.com\/","logo":{"@type":"ImageObject","inLanguage":"de","@id":"http:\/\/www.alpinesportsandermatt.com\/#\/schema\/logo\/image\/","url":"http:\/\/www.alpinesportsandermatt.com\/wp-content\/uploads\/2015\/06\/ASA-logo-small-square.png","contentUrl":"http:\/\/www.alpinesportsandermatt.com\/wp-content\/uploads\/2015\/06\/ASA-logo-small-square.png","width":100,"height":100,"caption":"Alpine Sports Andermatt"},"image":{"@id":"http:\/\/www.alpinesportsandermatt.com\/#\/schema\/logo\/image\/"},"sameAs":["https:\/\/www.facebook.com\/alpinesportsandermatt","https:\/\/www.instagram.com\/alpinesportsandermatt\/"]}]}},"_links":{"self":[{"href":"https:\/\/www.alpinesportsandermatt.com\/de\/wp-json\/wp\/v2\/pages\/28","targetHints":{"allow":["GET"]}}],"collection":[{"href":"https:\/\/www.alpinesportsandermatt.com\/de\/wp-json\/wp\/v2\/pages"}],"about":[{"href":"https:\/\/www.alpinesportsandermatt.com\/de\/wp-json\/wp\/v2\/types\/page"}],"author":[{"embeddable":true,"href":"https:\/\/www.alpinesportsandermatt.com\/de\/wp-json\/wp\/v2\/users\/1"}],"replies":[{"embeddable":true,"href":"https:\/\/www.alpinesportsandermatt.com\/de\/wp-json\/wp\/v2\/comments?post=28"}],"version-history":[{"count":37,"href":"https:\/\/www.alpinesportsandermatt.com\/de\/wp-json\/wp\/v2\/pages\/28\/revisions"}],"predecessor-version":[{"id":1231,"href":"https:\/\/www.alpinesportsandermatt.com\/de\/wp-json\/wp\/v2\/pages\/28\/revisions\/1231"}],"up":[{"embeddable":true,"href":"https:\/\/www.alpinesportsandermatt.com\/de\/wp-json\/wp\/v2\/pages\/16"}],"wp:attachment":[{"href":"https:\/\/www.alpinesportsandermatt.com\/de\/wp-json\/wp\/v2\/media?parent=28"}],"curies":[{"name":"wp","href":"https:\/\/api.w.org\/{rel}","templated":true}]}}