{"id":24,"date":"2015-06-14T11:26:56","date_gmt":"2015-06-14T11:26:56","guid":{"rendered":"http:\/\/www.alpinesportsandermatt.com\/?page_id=24"},"modified":"2023-11-16T12:59:26","modified_gmt":"2023-11-16T12:59:26","slug":"contact-us","status":"publish","type":"page","link":"https:\/\/www.alpinesportsandermatt.com\/de\/contact-us\/","title":{"rendered":"Contact us"},"content":{"rendered":"<p><img loading=\"lazy\" decoding=\"async\" class=\"aligncenter size-full wp-image-430\" src=\"http:\/\/www.alpinesportsandermatt.com\/wp-content\/uploads\/2016\/08\/Andermatt-Ski-School.jpg\" alt=\"Andermatt Ski School\" width=\"1200\" height=\"514\" \/><\/p>\n<h1>Kontakt aufnehmen<\/h1>\n<p>Haben Sie Fragen zur Organisation der Skischule Alpine Sports Andermatt, zu unseren Produkten und Dienstleistungen oder m\u00f6chten etwas \u00fcber das Resort in Andermatt in Erfahrung bringen?<\/p>\n<p>Selbstverst\u00e4ndlich stehen wir Ihnen gerne zur Verf\u00fcgung. Bitte f\u00fcllen Sie untenstehendes Formular aus und wir werden uns in K\u00fcrze bei Ihnen melden.<\/p>\n\n<div class=\"wpcf7 no-js\" id=\"wpcf7-f554-o2\" lang=\"en-US\" dir=\"ltr\" data-wpcf7-id=\"554\">\n<div class=\"screen-reader-response\"><p role=\"status\" aria-live=\"polite\" aria-atomic=\"true\"><\/p> <ul><\/ul><\/div>\n<form action=\"\/de\/wp-json\/wp\/v2\/pages\/24#wpcf7-f554-o2\" method=\"post\" class=\"wpcf7-form init\" aria-label=\"Contact form\" novalidate=\"novalidate\" data-status=\"init\">\n<fieldset class=\"hidden-fields-container\"><input type=\"hidden\" name=\"_wpcf7\" value=\"554\" \/><input type=\"hidden\" name=\"_wpcf7_version\" value=\"6.1.2\" \/><input type=\"hidden\" name=\"_wpcf7_locale\" value=\"en_US\" \/><input type=\"hidden\" name=\"_wpcf7_unit_tag\" value=\"wpcf7-f554-o2\" \/><input type=\"hidden\" name=\"_wpcf7_container_post\" value=\"0\" \/><input type=\"hidden\" name=\"_wpcf7_posted_data_hash\" value=\"\" \/>\n<\/fieldset>\n<p>Vorname Nachname (*)\n<\/p>\n<p><span class=\"wpcf7-form-control-wrap\" data-name=\"your-name\"><input size=\"40\" maxlength=\"400\" class=\"wpcf7-form-control wpcf7-text wpcf7-validates-as-required\" aria-required=\"true\" aria-invalid=\"false\" value=\"\" type=\"text\" name=\"your-name\" \/><\/span>\n<\/p>\n<p>Email Adresse (*)\n<\/p>\n<p><span class=\"wpcf7-form-control-wrap\" data-name=\"your-email\"><input size=\"40\" maxlength=\"400\" class=\"wpcf7-form-control wpcf7-email wpcf7-validates-as-required wpcf7-text wpcf7-validates-as-email\" aria-required=\"true\" aria-invalid=\"false\" value=\"\" type=\"email\" name=\"your-email\" \/><\/span>\n<\/p>\n<p>Betreff\n<\/p>\n<p><span class=\"wpcf7-form-control-wrap\" data-name=\"your-subject\"><input size=\"40\" maxlength=\"400\" class=\"wpcf7-form-control wpcf7-text\" aria-invalid=\"false\" value=\"\" type=\"text\" name=\"your-subject\" \/><\/span>\n<\/p>\n<p>Ihre Mitteilung\n<\/p>\n<p><span class=\"wpcf7-form-control-wrap\" data-name=\"your-message\"><textarea cols=\"40\" rows=\"10\" maxlength=\"2000\" class=\"wpcf7-form-control wpcf7-textarea\" aria-invalid=\"false\" name=\"your-message\"><\/textarea><\/span>\n<\/p>\n<p><input class=\"wpcf7-form-control wpcf7-submit has-spinner\" type=\"submit\" value=\"Absenden\" \/>\n<\/p><div class=\"wpcf7-response-output\" aria-hidden=\"true\"><\/div>\n<\/form>\n<\/div>\n\n<hr \/>\n<p>Alpine Sports Andermatt<br \/>\nGotthardstrasse 63<br \/>\n6490 Andermatt<\/p>\n<p>Phone: +41 78 875 2450<br \/>\nEmail: info@alpinesportsandermatt.com<\/p>\n<p><iframe loading=\"lazy\" style=\"border: 0;\" src=\"https:\/\/www.google.com\/maps\/embed?pb=!1m18!1m12!1m3!1d619.4161308400508!2d8.597232310054421!3d46.63407903703112!2m3!1f0!2f0!3f0!3m2!1i1024!2i768!4f13.1!3m3!1m2!1s0x4785718dea76f321%3A0xdb66d794a00666d9!2sGotthardstrasse+63%2C+6490+Andermatt%2C+Switzerland!5e0!3m2!1sen!2sus!4v1442358129793\" width=\"780\" height=\"250\" frameborder=\"0\" allowfullscreen=\"allowfullscreen\"><\/iframe><\/p>","protected":false},"excerpt":{"rendered":"<p>Kontakt aufnehmen Haben Sie Fragen zur Organisation der <a class=\"more-link\" href=\"https:\/\/www.alpinesportsandermatt.com\/de\/contact-us\/\">Read More &#8230;<\/a><\/p>\n","protected":false},"author":1,"featured_media":0,"parent":0,"menu_order":0,"comment_status":"closed","ping_status":"open","template":"","meta":{"footnotes":""},"class_list":["post-24","page","type-page","status-publish","hentry"],"yoast_head":"<!-- This site is optimized with the Yoast SEO plugin v26.1.1 - https:\/\/yoast.com\/wordpress\/plugins\/seo\/ -->\n<title>Contact us - Alpine Sports Andermatt<\/title>\n<meta name=\"description\" content=\"In need of an English speaking ski instructor? Alpine Sports Andermatt&#039;s experienced ski instructors are the best in town. Contact us at +41 788 752 450!\" \/>\n<meta name=\"robots\" content=\"index, follow, max-snippet:-1, max-image-preview:large, max-video-preview:-1\" \/>\n<link rel=\"canonical\" href=\"https:\/\/www.alpinesportsandermatt.com\/contact-us\/\" \/>\n<meta property=\"og:locale\" content=\"de_DE\" \/>\n<meta property=\"og:type\" content=\"article\" \/>\n<meta property=\"og:title\" content=\"Contact us - Alpine Sports Andermatt\" \/>\n<meta property=\"og:description\" content=\"In need of an English speaking ski instructor? Alpine Sports Andermatt&#039;s experienced ski instructors are the best in town. Contact us at +41 788 752 450!\" \/>\n<meta property=\"og:url\" content=\"https:\/\/www.alpinesportsandermatt.com\/contact-us\/\" \/>\n<meta property=\"og:site_name\" content=\"Alpine Sports Andermatt\" \/>\n<meta property=\"article:publisher\" content=\"https:\/\/www.facebook.com\/alpinesportsandermatt\" \/>\n<meta property=\"article:modified_time\" content=\"2023-11-16T12:59:26+00:00\" \/>\n<meta property=\"og:image\" content=\"https:\/\/www.alpinesportsandermatt.com\/wp-content\/uploads\/2015\/06\/Alpine-Sports-Andermatt-Winter-kids.jpg\" \/>\n\t<meta property=\"og:image:width\" content=\"1200\" \/>\n\t<meta property=\"og:image:height\" content=\"514\" \/>\n\t<meta property=\"og:image:type\" content=\"image\/jpeg\" \/>\n<meta name=\"twitter:label1\" content=\"Gesch\u00e4tzte Lesezeit\" \/>\n\t<meta name=\"twitter:data1\" content=\"1\u00a0Minute\" \/>\n<script type=\"application\/ld+json\" class=\"yoast-schema-graph\">{\"@context\":\"https:\/\/schema.org\",\"@graph\":[{\"@type\":\"WebPage\",\"@id\":\"https:\/\/www.alpinesportsandermatt.com\/contact-us\/\",\"url\":\"https:\/\/www.alpinesportsandermatt.com\/contact-us\/\",\"name\":\"Contact us - Alpine Sports Andermatt\",\"isPartOf\":{\"@id\":\"http:\/\/www.alpinesportsandermatt.com\/#website\"},\"primaryImageOfPage\":{\"@id\":\"https:\/\/www.alpinesportsandermatt.com\/contact-us\/#primaryimage\"},\"image\":{\"@id\":\"https:\/\/www.alpinesportsandermatt.com\/contact-us\/#primaryimage\"},\"thumbnailUrl\":\"http:\/\/www.alpinesportsandermatt.com\/wp-content\/uploads\/2016\/08\/Andermatt-Ski-School.jpg\",\"datePublished\":\"2015-06-14T11:26:56+00:00\",\"dateModified\":\"2023-11-16T12:59:26+00:00\",\"description\":\"In need of an English speaking ski instructor? Alpine Sports Andermatt's experienced ski instructors are the best in town. Contact us at +41 788 752 450!\",\"breadcrumb\":{\"@id\":\"https:\/\/www.alpinesportsandermatt.com\/contact-us\/#breadcrumb\"},\"inLanguage\":\"de\",\"potentialAction\":[{\"@type\":\"ReadAction\",\"target\":[\"https:\/\/www.alpinesportsandermatt.com\/contact-us\/\"]}]},{\"@type\":\"ImageObject\",\"inLanguage\":\"de\",\"@id\":\"https:\/\/www.alpinesportsandermatt.com\/contact-us\/#primaryimage\",\"url\":\"http:\/\/www.alpinesportsandermatt.com\/wp-content\/uploads\/2016\/08\/Andermatt-Ski-School.jpg\",\"contentUrl\":\"http:\/\/www.alpinesportsandermatt.com\/wp-content\/uploads\/2016\/08\/Andermatt-Ski-School.jpg\"},{\"@type\":\"BreadcrumbList\",\"@id\":\"https:\/\/www.alpinesportsandermatt.com\/contact-us\/#breadcrumb\",\"itemListElement\":[{\"@type\":\"ListItem\",\"position\":1,\"name\":\"Startseite\",\"item\":\"http:\/\/www.alpinesportsandermatt.com\/\"},{\"@type\":\"ListItem\",\"position\":2,\"name\":\"Contact us\"}]},{\"@type\":\"WebSite\",\"@id\":\"http:\/\/www.alpinesportsandermatt.com\/#website\",\"url\":\"http:\/\/www.alpinesportsandermatt.com\/\",\"name\":\"Alpine Sports Andermatt\",\"description\":\"Premier Ski School in Andermatt\",\"publisher\":{\"@id\":\"http:\/\/www.alpinesportsandermatt.com\/#organization\"},\"potentialAction\":[{\"@type\":\"SearchAction\",\"target\":{\"@type\":\"EntryPoint\",\"urlTemplate\":\"http:\/\/www.alpinesportsandermatt.com\/?s={search_term_string}\"},\"query-input\":{\"@type\":\"PropertyValueSpecification\",\"valueRequired\":true,\"valueName\":\"search_term_string\"}}],\"inLanguage\":\"de\"},{\"@type\":\"Organization\",\"@id\":\"http:\/\/www.alpinesportsandermatt.com\/#organization\",\"name\":\"Alpine Sports Andermatt\",\"url\":\"http:\/\/www.alpinesportsandermatt.com\/\",\"logo\":{\"@type\":\"ImageObject\",\"inLanguage\":\"de\",\"@id\":\"http:\/\/www.alpinesportsandermatt.com\/#\/schema\/logo\/image\/\",\"url\":\"http:\/\/www.alpinesportsandermatt.com\/wp-content\/uploads\/2015\/06\/ASA-logo-small-square.png\",\"contentUrl\":\"http:\/\/www.alpinesportsandermatt.com\/wp-content\/uploads\/2015\/06\/ASA-logo-small-square.png\",\"width\":100,\"height\":100,\"caption\":\"Alpine Sports Andermatt\"},\"image\":{\"@id\":\"http:\/\/www.alpinesportsandermatt.com\/#\/schema\/logo\/image\/\"},\"sameAs\":[\"https:\/\/www.facebook.com\/alpinesportsandermatt\",\"https:\/\/www.instagram.com\/alpinesportsandermatt\/\"]}]}<\/script>\n<!-- \/ Yoast SEO plugin. -->","yoast_head_json":{"title":"Contact us - Alpine Sports Andermatt","description":"In need of an English speaking ski instructor? Alpine Sports Andermatt's experienced ski instructors are the best in town. Contact us at +41 788 752 450!","robots":{"index":"index","follow":"follow","max-snippet":"max-snippet:-1","max-image-preview":"max-image-preview:large","max-video-preview":"max-video-preview:-1"},"canonical":"https:\/\/www.alpinesportsandermatt.com\/contact-us\/","og_locale":"de_DE","og_type":"article","og_title":"Contact us - Alpine Sports Andermatt","og_description":"In need of an English speaking ski instructor? Alpine Sports Andermatt's experienced ski instructors are the best in town. Contact us at +41 788 752 450!","og_url":"https:\/\/www.alpinesportsandermatt.com\/contact-us\/","og_site_name":"Alpine Sports Andermatt","article_publisher":"https:\/\/www.facebook.com\/alpinesportsandermatt","article_modified_time":"2023-11-16T12:59:26+00:00","og_image":[{"width":1200,"height":514,"url":"https:\/\/www.alpinesportsandermatt.com\/wp-content\/uploads\/2015\/06\/Alpine-Sports-Andermatt-Winter-kids.jpg","type":"image\/jpeg"}],"twitter_misc":{"Gesch\u00e4tzte Lesezeit":"1\u00a0Minute"},"schema":{"@context":"https:\/\/schema.org","@graph":[{"@type":"WebPage","@id":"https:\/\/www.alpinesportsandermatt.com\/contact-us\/","url":"https:\/\/www.alpinesportsandermatt.com\/contact-us\/","name":"Contact us - Alpine Sports Andermatt","isPartOf":{"@id":"http:\/\/www.alpinesportsandermatt.com\/#website"},"primaryImageOfPage":{"@id":"https:\/\/www.alpinesportsandermatt.com\/contact-us\/#primaryimage"},"image":{"@id":"https:\/\/www.alpinesportsandermatt.com\/contact-us\/#primaryimage"},"thumbnailUrl":"http:\/\/www.alpinesportsandermatt.com\/wp-content\/uploads\/2016\/08\/Andermatt-Ski-School.jpg","datePublished":"2015-06-14T11:26:56+00:00","dateModified":"2023-11-16T12:59:26+00:00","description":"In need of an English speaking ski instructor? Alpine Sports Andermatt's experienced ski instructors are the best in town. Contact us at +41 788 752 450!","breadcrumb":{"@id":"https:\/\/www.alpinesportsandermatt.com\/contact-us\/#breadcrumb"},"inLanguage":"de","potentialAction":[{"@type":"ReadAction","target":["https:\/\/www.alpinesportsandermatt.com\/contact-us\/"]}]},{"@type":"ImageObject","inLanguage":"de","@id":"https:\/\/www.alpinesportsandermatt.com\/contact-us\/#primaryimage","url":"http:\/\/www.alpinesportsandermatt.com\/wp-content\/uploads\/2016\/08\/Andermatt-Ski-School.jpg","contentUrl":"http:\/\/www.alpinesportsandermatt.com\/wp-content\/uploads\/2016\/08\/Andermatt-Ski-School.jpg"},{"@type":"BreadcrumbList","@id":"https:\/\/www.alpinesportsandermatt.com\/contact-us\/#breadcrumb","itemListElement":[{"@type":"ListItem","position":1,"name":"Startseite","item":"http:\/\/www.alpinesportsandermatt.com\/"},{"@type":"ListItem","position":2,"name":"Contact us"}]},{"@type":"WebSite","@id":"http:\/\/www.alpinesportsandermatt.com\/#website","url":"http:\/\/www.alpinesportsandermatt.com\/","name":"Alpine Sports Andermatt","description":"Premier Ski School in Andermatt","publisher":{"@id":"http:\/\/www.alpinesportsandermatt.com\/#organization"},"potentialAction":[{"@type":"SearchAction","target":{"@type":"EntryPoint","urlTemplate":"http:\/\/www.alpinesportsandermatt.com\/?s={search_term_string}"},"query-input":{"@type":"PropertyValueSpecification","valueRequired":true,"valueName":"search_term_string"}}],"inLanguage":"de"},{"@type":"Organization","@id":"http:\/\/www.alpinesportsandermatt.com\/#organization","name":"Alpine Sports Andermatt","url":"http:\/\/www.alpinesportsandermatt.com\/","logo":{"@type":"ImageObject","inLanguage":"de","@id":"http:\/\/www.alpinesportsandermatt.com\/#\/schema\/logo\/image\/","url":"http:\/\/www.alpinesportsandermatt.com\/wp-content\/uploads\/2015\/06\/ASA-logo-small-square.png","contentUrl":"http:\/\/www.alpinesportsandermatt.com\/wp-content\/uploads\/2015\/06\/ASA-logo-small-square.png","width":100,"height":100,"caption":"Alpine Sports Andermatt"},"image":{"@id":"http:\/\/www.alpinesportsandermatt.com\/#\/schema\/logo\/image\/"},"sameAs":["https:\/\/www.facebook.com\/alpinesportsandermatt","https:\/\/www.instagram.com\/alpinesportsandermatt\/"]}]}},"_links":{"self":[{"href":"https:\/\/www.alpinesportsandermatt.com\/de\/wp-json\/wp\/v2\/pages\/24","targetHints":{"allow":["GET"]}}],"collection":[{"href":"https:\/\/www.alpinesportsandermatt.com\/de\/wp-json\/wp\/v2\/pages"}],"about":[{"href":"https:\/\/www.alpinesportsandermatt.com\/de\/wp-json\/wp\/v2\/types\/page"}],"author":[{"embeddable":true,"href":"https:\/\/www.alpinesportsandermatt.com\/de\/wp-json\/wp\/v2\/users\/1"}],"replies":[{"embeddable":true,"href":"https:\/\/www.alpinesportsandermatt.com\/de\/wp-json\/wp\/v2\/comments?post=24"}],"version-history":[{"count":29,"href":"https:\/\/www.alpinesportsandermatt.com\/de\/wp-json\/wp\/v2\/pages\/24\/revisions"}],"predecessor-version":[{"id":1253,"href":"https:\/\/www.alpinesportsandermatt.com\/de\/wp-json\/wp\/v2\/pages\/24\/revisions\/1253"}],"wp:attachment":[{"href":"https:\/\/www.alpinesportsandermatt.com\/de\/wp-json\/wp\/v2\/media?parent=24"}],"curies":[{"name":"wp","href":"https:\/\/api.w.org\/{rel}","templated":true}]}}