{"id":172,"date":"2015-06-17T20:26:25","date_gmt":"2015-06-17T20:26:25","guid":{"rendered":"http:\/\/www.alpinesportsandermatt.com\/?page_id=172"},"modified":"2020-11-11T09:16:35","modified_gmt":"2020-11-11T09:16:35","slug":"terms-and-conditions","status":"publish","type":"page","link":"https:\/\/www.alpinesportsandermatt.com\/de\/terms-and-conditions\/","title":{"rendered":"Terms and Conditions"},"content":{"rendered":"<p><\/p>\n<h2>AGB<\/h2>\n<ol>\n<li>Buchungen m\u00fcssen vor Beginn des Unterrichts vollst\u00e4ndig bezahlt sein. Alpine Sports Andermatt beh\u00e4lt sich das Recht vor Kunden abzulehnen, wenn die Zahlung vor Beginn des Unterrichts nicht vollst\u00e4ndig erfolgt ist.<\/li>\n<li>Buchungen k\u00f6nnen bis zu 14 Tage vor Buchungsbeginn kostenlos storniert oder ge\u00e4ndert werden. Stornierungen m\u00fcssen von Alpine Sports Andermatt best\u00e4tigt werden. F\u00fcr Stornierungen oder \u00c4nderungen, die weniger als 14 Tage vor Anreise vorgenommen werden, wird eine Geb\u00fchr von 50% des Gesamtbetrags erhoben. F\u00fcr Stornierungen, die weniger als 24 Stunden vor Beginn der Reservierung eingehen, wird eine Rechnung \u00fcber den vollen Betrag ausgestellt.<\/li>\n<li>Unsere Schneesportlehrer unterrichten bei jedem Wetter. Der Unterricht wird storniert und vollst\u00e4ndig erstattet, falls alle Lifte im Skigebiet Andermatt-Sedrun geschlossen sind und keine geeigneten Alternativoptionen verf\u00fcgbar sind. R\u00fcckerstattungen werden anteilig t\u00e4glich bearbeitet. Diese Entscheidung wird ausschlie\u00dflich von der Skischulleitung getroffen.<\/li>\n<li>Im Falle von Krankheit oder Verletzung wird eine R\u00fcckerstattung gegen Vorlage eines legitimen \u00e4rztlichen Attests gezahlt.<\/li>\n<li>Die Skischule \u00fcbernimmt keine Haftung f\u00fcr pers\u00f6nliche Vereinbarungen mit dem Schneesportlehrer.<\/li>\n<li>Wir behalten uns das Recht vor, \u00c4nderungen in Bezug auf die Wahl des Ausbilders im Falle unvorhersehbarer Umst\u00e4nde vorzunehmen.<\/li>\n<\/ol>\n<p>Die Skischule Alpine Sports Andermatt \u00fcbernimmt keine Haftung f\u00fcr Unf\u00e4lle, die w\u00e4hrend des Unterrichts oder anderer von Unternehmen organisierter Veranstaltungen passieren. Die\u00a0<span class=\"JLqJ4b ChMk0b\" data-language-for-alternatives=\"de\" data-language-to-translate-into=\"en\" data-phrase-index=\"1\">Kunden sind verpflichtet sich f\u00fcr die Haftung Dritter zu versichern und eine Police abzuschlie\u00dfen, die eine pers\u00f6nliche, medizinische und Rettungsversicherung f\u00fcr das Skifahren bei einem zugelassenen und seri\u00f6sen Versicherer vorsieht.<\/span><\/p>\n<p>Alpine Sports Andermatt versichert keine Kunden der Skischule. <span class=\"JLqJ4b ChMk0b\" data-language-for-alternatives=\"de\" data-language-to-translate-into=\"en\" data-phrase-index=\"4\">Skip\u00e4sse sind obligatorisch und liegen in der Verantwortung des Kunden, nicht der Skischule.<\/span><\/p>","protected":false},"excerpt":{"rendered":"<p>AGB Buchungen m\u00fcssen vor Beginn des Unterrichts vollst\u00e4ndig <a class=\"more-link\" href=\"https:\/\/www.alpinesportsandermatt.com\/de\/terms-and-conditions\/\">Read More &#8230;<\/a><\/p>\n","protected":false},"author":1,"featured_media":0,"parent":0,"menu_order":0,"comment_status":"closed","ping_status":"open","template":"","meta":{"footnotes":""},"class_list":["post-172","page","type-page","status-publish","hentry"],"yoast_head":"<!-- This site is optimized with the Yoast SEO plugin v26.1.1 - https:\/\/yoast.com\/wordpress\/plugins\/seo\/ -->\n<title>Terms and Conditions - Alpine Sports Andermatt<\/title>\n<meta name=\"description\" content=\"The following Terms and Conditions apply when booking with the Ski School Alpine Sports Andermatt. For more information please contact us.\" \/>\n<meta name=\"robots\" content=\"index, follow, max-snippet:-1, max-image-preview:large, max-video-preview:-1\" \/>\n<link rel=\"canonical\" href=\"https:\/\/www.alpinesportsandermatt.com\/terms-and-conditions\/\" \/>\n<meta property=\"og:locale\" content=\"de_DE\" \/>\n<meta property=\"og:type\" content=\"article\" \/>\n<meta property=\"og:title\" content=\"Terms and Conditions - Alpine Sports Andermatt\" \/>\n<meta property=\"og:description\" content=\"The following Terms and Conditions apply when booking with the Ski School Alpine Sports Andermatt. For more information please contact us.\" \/>\n<meta property=\"og:url\" content=\"https:\/\/www.alpinesportsandermatt.com\/terms-and-conditions\/\" \/>\n<meta property=\"og:site_name\" content=\"Alpine Sports Andermatt\" \/>\n<meta property=\"article:publisher\" content=\"https:\/\/www.facebook.com\/alpinesportsandermatt\" \/>\n<meta property=\"article:modified_time\" content=\"2020-11-11T09:16:35+00:00\" \/>\n<meta name=\"twitter:label1\" content=\"Gesch\u00e4tzte Lesezeit\" \/>\n\t<meta name=\"twitter:data1\" content=\"3\u00a0Minuten\" \/>\n<script type=\"application\/ld+json\" class=\"yoast-schema-graph\">{\"@context\":\"https:\/\/schema.org\",\"@graph\":[{\"@type\":\"WebPage\",\"@id\":\"https:\/\/www.alpinesportsandermatt.com\/terms-and-conditions\/\",\"url\":\"https:\/\/www.alpinesportsandermatt.com\/terms-and-conditions\/\",\"name\":\"Terms and Conditions - Alpine Sports Andermatt\",\"isPartOf\":{\"@id\":\"http:\/\/www.alpinesportsandermatt.com\/#website\"},\"datePublished\":\"2015-06-17T20:26:25+00:00\",\"dateModified\":\"2020-11-11T09:16:35+00:00\",\"description\":\"The following Terms and Conditions apply when booking with the Ski School Alpine Sports Andermatt. For more information please contact us.\",\"breadcrumb\":{\"@id\":\"https:\/\/www.alpinesportsandermatt.com\/terms-and-conditions\/#breadcrumb\"},\"inLanguage\":\"de\",\"potentialAction\":[{\"@type\":\"ReadAction\",\"target\":[\"https:\/\/www.alpinesportsandermatt.com\/terms-and-conditions\/\"]}]},{\"@type\":\"BreadcrumbList\",\"@id\":\"https:\/\/www.alpinesportsandermatt.com\/terms-and-conditions\/#breadcrumb\",\"itemListElement\":[{\"@type\":\"ListItem\",\"position\":1,\"name\":\"Startseite\",\"item\":\"http:\/\/www.alpinesportsandermatt.com\/\"},{\"@type\":\"ListItem\",\"position\":2,\"name\":\"Terms and Conditions\"}]},{\"@type\":\"WebSite\",\"@id\":\"http:\/\/www.alpinesportsandermatt.com\/#website\",\"url\":\"http:\/\/www.alpinesportsandermatt.com\/\",\"name\":\"Alpine Sports Andermatt\",\"description\":\"Premier Ski School in Andermatt\",\"publisher\":{\"@id\":\"http:\/\/www.alpinesportsandermatt.com\/#organization\"},\"potentialAction\":[{\"@type\":\"SearchAction\",\"target\":{\"@type\":\"EntryPoint\",\"urlTemplate\":\"http:\/\/www.alpinesportsandermatt.com\/?s={search_term_string}\"},\"query-input\":{\"@type\":\"PropertyValueSpecification\",\"valueRequired\":true,\"valueName\":\"search_term_string\"}}],\"inLanguage\":\"de\"},{\"@type\":\"Organization\",\"@id\":\"http:\/\/www.alpinesportsandermatt.com\/#organization\",\"name\":\"Alpine Sports Andermatt\",\"url\":\"http:\/\/www.alpinesportsandermatt.com\/\",\"logo\":{\"@type\":\"ImageObject\",\"inLanguage\":\"de\",\"@id\":\"http:\/\/www.alpinesportsandermatt.com\/#\/schema\/logo\/image\/\",\"url\":\"http:\/\/www.alpinesportsandermatt.com\/wp-content\/uploads\/2015\/06\/ASA-logo-small-square.png\",\"contentUrl\":\"http:\/\/www.alpinesportsandermatt.com\/wp-content\/uploads\/2015\/06\/ASA-logo-small-square.png\",\"width\":100,\"height\":100,\"caption\":\"Alpine Sports Andermatt\"},\"image\":{\"@id\":\"http:\/\/www.alpinesportsandermatt.com\/#\/schema\/logo\/image\/\"},\"sameAs\":[\"https:\/\/www.facebook.com\/alpinesportsandermatt\",\"https:\/\/www.instagram.com\/alpinesportsandermatt\/\"]}]}<\/script>\n<!-- \/ Yoast SEO plugin. -->","yoast_head_json":{"title":"Terms and Conditions - Alpine Sports Andermatt","description":"The following Terms and Conditions apply when booking with the Ski School Alpine Sports Andermatt. For more information please contact us.","robots":{"index":"index","follow":"follow","max-snippet":"max-snippet:-1","max-image-preview":"max-image-preview:large","max-video-preview":"max-video-preview:-1"},"canonical":"https:\/\/www.alpinesportsandermatt.com\/terms-and-conditions\/","og_locale":"de_DE","og_type":"article","og_title":"Terms and Conditions - Alpine Sports Andermatt","og_description":"The following Terms and Conditions apply when booking with the Ski School Alpine Sports Andermatt. For more information please contact us.","og_url":"https:\/\/www.alpinesportsandermatt.com\/terms-and-conditions\/","og_site_name":"Alpine Sports Andermatt","article_publisher":"https:\/\/www.facebook.com\/alpinesportsandermatt","article_modified_time":"2020-11-11T09:16:35+00:00","twitter_misc":{"Gesch\u00e4tzte Lesezeit":"3\u00a0Minuten"},"schema":{"@context":"https:\/\/schema.org","@graph":[{"@type":"WebPage","@id":"https:\/\/www.alpinesportsandermatt.com\/terms-and-conditions\/","url":"https:\/\/www.alpinesportsandermatt.com\/terms-and-conditions\/","name":"Terms and Conditions - Alpine Sports Andermatt","isPartOf":{"@id":"http:\/\/www.alpinesportsandermatt.com\/#website"},"datePublished":"2015-06-17T20:26:25+00:00","dateModified":"2020-11-11T09:16:35+00:00","description":"The following Terms and Conditions apply when booking with the Ski School Alpine Sports Andermatt. For more information please contact us.","breadcrumb":{"@id":"https:\/\/www.alpinesportsandermatt.com\/terms-and-conditions\/#breadcrumb"},"inLanguage":"de","potentialAction":[{"@type":"ReadAction","target":["https:\/\/www.alpinesportsandermatt.com\/terms-and-conditions\/"]}]},{"@type":"BreadcrumbList","@id":"https:\/\/www.alpinesportsandermatt.com\/terms-and-conditions\/#breadcrumb","itemListElement":[{"@type":"ListItem","position":1,"name":"Startseite","item":"http:\/\/www.alpinesportsandermatt.com\/"},{"@type":"ListItem","position":2,"name":"Terms and Conditions"}]},{"@type":"WebSite","@id":"http:\/\/www.alpinesportsandermatt.com\/#website","url":"http:\/\/www.alpinesportsandermatt.com\/","name":"Alpine Sports Andermatt","description":"Premier Ski School in Andermatt","publisher":{"@id":"http:\/\/www.alpinesportsandermatt.com\/#organization"},"potentialAction":[{"@type":"SearchAction","target":{"@type":"EntryPoint","urlTemplate":"http:\/\/www.alpinesportsandermatt.com\/?s={search_term_string}"},"query-input":{"@type":"PropertyValueSpecification","valueRequired":true,"valueName":"search_term_string"}}],"inLanguage":"de"},{"@type":"Organization","@id":"http:\/\/www.alpinesportsandermatt.com\/#organization","name":"Alpine Sports Andermatt","url":"http:\/\/www.alpinesportsandermatt.com\/","logo":{"@type":"ImageObject","inLanguage":"de","@id":"http:\/\/www.alpinesportsandermatt.com\/#\/schema\/logo\/image\/","url":"http:\/\/www.alpinesportsandermatt.com\/wp-content\/uploads\/2015\/06\/ASA-logo-small-square.png","contentUrl":"http:\/\/www.alpinesportsandermatt.com\/wp-content\/uploads\/2015\/06\/ASA-logo-small-square.png","width":100,"height":100,"caption":"Alpine Sports Andermatt"},"image":{"@id":"http:\/\/www.alpinesportsandermatt.com\/#\/schema\/logo\/image\/"},"sameAs":["https:\/\/www.facebook.com\/alpinesportsandermatt","https:\/\/www.instagram.com\/alpinesportsandermatt\/"]}]}},"_links":{"self":[{"href":"https:\/\/www.alpinesportsandermatt.com\/de\/wp-json\/wp\/v2\/pages\/172","targetHints":{"allow":["GET"]}}],"collection":[{"href":"https:\/\/www.alpinesportsandermatt.com\/de\/wp-json\/wp\/v2\/pages"}],"about":[{"href":"https:\/\/www.alpinesportsandermatt.com\/de\/wp-json\/wp\/v2\/types\/page"}],"author":[{"embeddable":true,"href":"https:\/\/www.alpinesportsandermatt.com\/de\/wp-json\/wp\/v2\/users\/1"}],"replies":[{"embeddable":true,"href":"https:\/\/www.alpinesportsandermatt.com\/de\/wp-json\/wp\/v2\/comments?post=172"}],"version-history":[{"count":11,"href":"https:\/\/www.alpinesportsandermatt.com\/de\/wp-json\/wp\/v2\/pages\/172\/revisions"}],"predecessor-version":[{"id":1041,"href":"https:\/\/www.alpinesportsandermatt.com\/de\/wp-json\/wp\/v2\/pages\/172\/revisions\/1041"}],"wp:attachment":[{"href":"https:\/\/www.alpinesportsandermatt.com\/de\/wp-json\/wp\/v2\/media?parent=172"}],"curies":[{"name":"wp","href":"https:\/\/api.w.org\/{rel}","templated":true}]}}