{"id":16,"date":"2015-06-14T11:25:46","date_gmt":"2015-06-14T11:25:46","guid":{"rendered":"http:\/\/www.alpinesportsandermatt.com\/?page_id=16"},"modified":"2020-11-11T09:44:22","modified_gmt":"2020-11-11T09:44:22","slug":"about-us","status":"publish","type":"page","link":"https:\/\/www.alpinesportsandermatt.com\/de\/about-us\/","title":{"rendered":"\u00dcber uns"},"content":{"rendered":"<p><img loading=\"lazy\" decoding=\"async\" class=\"aligncenter size-full wp-image-480\" src=\"http:\/\/www.alpinesportsandermatt.com\/wp-content\/uploads\/2016\/08\/About-Alpine-Sports-Andermatt-Ski-School.jpg\" alt=\"About the ski school - team carving photo\" width=\"1200\" height=\"514\" \/><\/p>\n<h1>\u00dcber Alpine Sports Andermatt<\/h1>\n<p>Die internationale Ski Schule Alpine Sports Andermatt verf\u00fcgt \u00fcber eine grosse Anzahl an ausgezeichnet ausgebildeten Ski Lehrern aus der ganzen Welt. Unsere Ski Lehrer verbinden ihre Leidenschaft f\u00fcr den Unterricht mit Geduld, Spass und Erfahrung f\u00fcr Anf\u00e4nger bis K\u00f6nner.<\/p>\n<p>Wir freuen uns darauf Ihnen auf Ihre individuellen Bed\u00fcrfnisse zugeschnittene Dienste rund um das Skifahren anzubieten.\u00a0<\/p>\n\n\n<p><\/p>","protected":false},"excerpt":{"rendered":"<p>\u00dcber Alpine Sports Andermatt Die internationale Ski Schule <a class=\"more-link\" href=\"https:\/\/www.alpinesportsandermatt.com\/de\/about-us\/\">Read More &#8230;<\/a><\/p>\n","protected":false},"author":1,"featured_media":0,"parent":0,"menu_order":0,"comment_status":"closed","ping_status":"open","template":"","meta":{"footnotes":""},"class_list":["post-16","page","type-page","status-publish","hentry"],"yoast_head":"<!-- This site is optimized with the Yoast SEO plugin v26.1.1 - https:\/\/yoast.com\/wordpress\/plugins\/seo\/ -->\n<title>Who we are - Alpine Sports Andermatt<\/title>\n<meta name=\"description\" content=\"At Alpine Sports Andermatt we go the extra mile to make your ski adventure a memorable and exhilarating experience.\" \/>\n<meta name=\"robots\" content=\"index, follow, max-snippet:-1, max-image-preview:large, max-video-preview:-1\" \/>\n<link rel=\"canonical\" href=\"https:\/\/www.alpinesportsandermatt.com\/about-us\/\" \/>\n<meta property=\"og:locale\" content=\"de_DE\" \/>\n<meta property=\"og:type\" content=\"article\" \/>\n<meta property=\"og:title\" content=\"Who we are - Alpine Sports Andermatt\" \/>\n<meta property=\"og:description\" content=\"At Alpine Sports Andermatt we go the extra mile to make your ski adventure a memorable and exhilarating experience.\" \/>\n<meta property=\"og:url\" content=\"https:\/\/www.alpinesportsandermatt.com\/about-us\/\" \/>\n<meta property=\"og:site_name\" content=\"Alpine Sports Andermatt\" \/>\n<meta property=\"article:publisher\" content=\"https:\/\/www.facebook.com\/alpinesportsandermatt\" \/>\n<meta property=\"article:modified_time\" content=\"2020-11-11T09:44:22+00:00\" \/>\n<meta property=\"og:image\" content=\"http:\/\/www.alpinesportsandermatt.com\/wp-content\/uploads\/2016\/08\/About-Alpine-Sports-Andermatt-Ski-School.jpg\" \/>\n<meta name=\"twitter:label1\" content=\"Gesch\u00e4tzte Lesezeit\" \/>\n\t<meta name=\"twitter:data1\" content=\"1\u00a0Minute\" \/>\n<script type=\"application\/ld+json\" class=\"yoast-schema-graph\">{\"@context\":\"https:\/\/schema.org\",\"@graph\":[{\"@type\":\"WebPage\",\"@id\":\"https:\/\/www.alpinesportsandermatt.com\/about-us\/\",\"url\":\"https:\/\/www.alpinesportsandermatt.com\/about-us\/\",\"name\":\"Who we are - Alpine Sports Andermatt\",\"isPartOf\":{\"@id\":\"http:\/\/www.alpinesportsandermatt.com\/#website\"},\"primaryImageOfPage\":{\"@id\":\"https:\/\/www.alpinesportsandermatt.com\/about-us\/#primaryimage\"},\"image\":{\"@id\":\"https:\/\/www.alpinesportsandermatt.com\/about-us\/#primaryimage\"},\"thumbnailUrl\":\"http:\/\/www.alpinesportsandermatt.com\/wp-content\/uploads\/2016\/08\/About-Alpine-Sports-Andermatt-Ski-School.jpg\",\"datePublished\":\"2015-06-14T11:25:46+00:00\",\"dateModified\":\"2020-11-11T09:44:22+00:00\",\"description\":\"At Alpine Sports Andermatt we go the extra mile to make your ski adventure a memorable and exhilarating experience.\",\"breadcrumb\":{\"@id\":\"https:\/\/www.alpinesportsandermatt.com\/about-us\/#breadcrumb\"},\"inLanguage\":\"de\",\"potentialAction\":[{\"@type\":\"ReadAction\",\"target\":[\"https:\/\/www.alpinesportsandermatt.com\/about-us\/\"]}]},{\"@type\":\"ImageObject\",\"inLanguage\":\"de\",\"@id\":\"https:\/\/www.alpinesportsandermatt.com\/about-us\/#primaryimage\",\"url\":\"http:\/\/www.alpinesportsandermatt.com\/wp-content\/uploads\/2016\/08\/About-Alpine-Sports-Andermatt-Ski-School.jpg\",\"contentUrl\":\"http:\/\/www.alpinesportsandermatt.com\/wp-content\/uploads\/2016\/08\/About-Alpine-Sports-Andermatt-Ski-School.jpg\"},{\"@type\":\"BreadcrumbList\",\"@id\":\"https:\/\/www.alpinesportsandermatt.com\/about-us\/#breadcrumb\",\"itemListElement\":[{\"@type\":\"ListItem\",\"position\":1,\"name\":\"Startseite\",\"item\":\"http:\/\/www.alpinesportsandermatt.com\/\"},{\"@type\":\"ListItem\",\"position\":2,\"name\":\"About us\"}]},{\"@type\":\"WebSite\",\"@id\":\"http:\/\/www.alpinesportsandermatt.com\/#website\",\"url\":\"http:\/\/www.alpinesportsandermatt.com\/\",\"name\":\"Alpine Sports Andermatt\",\"description\":\"Premier Ski School in Andermatt\",\"publisher\":{\"@id\":\"http:\/\/www.alpinesportsandermatt.com\/#organization\"},\"potentialAction\":[{\"@type\":\"SearchAction\",\"target\":{\"@type\":\"EntryPoint\",\"urlTemplate\":\"http:\/\/www.alpinesportsandermatt.com\/?s={search_term_string}\"},\"query-input\":{\"@type\":\"PropertyValueSpecification\",\"valueRequired\":true,\"valueName\":\"search_term_string\"}}],\"inLanguage\":\"de\"},{\"@type\":\"Organization\",\"@id\":\"http:\/\/www.alpinesportsandermatt.com\/#organization\",\"name\":\"Alpine Sports Andermatt\",\"url\":\"http:\/\/www.alpinesportsandermatt.com\/\",\"logo\":{\"@type\":\"ImageObject\",\"inLanguage\":\"de\",\"@id\":\"http:\/\/www.alpinesportsandermatt.com\/#\/schema\/logo\/image\/\",\"url\":\"http:\/\/www.alpinesportsandermatt.com\/wp-content\/uploads\/2015\/06\/ASA-logo-small-square.png\",\"contentUrl\":\"http:\/\/www.alpinesportsandermatt.com\/wp-content\/uploads\/2015\/06\/ASA-logo-small-square.png\",\"width\":100,\"height\":100,\"caption\":\"Alpine Sports Andermatt\"},\"image\":{\"@id\":\"http:\/\/www.alpinesportsandermatt.com\/#\/schema\/logo\/image\/\"},\"sameAs\":[\"https:\/\/www.facebook.com\/alpinesportsandermatt\",\"https:\/\/www.instagram.com\/alpinesportsandermatt\/\"]}]}<\/script>\n<!-- \/ Yoast SEO plugin. -->","yoast_head_json":{"title":"Who we are - Alpine Sports Andermatt","description":"At Alpine Sports Andermatt we go the extra mile to make your ski adventure a memorable and exhilarating experience.","robots":{"index":"index","follow":"follow","max-snippet":"max-snippet:-1","max-image-preview":"max-image-preview:large","max-video-preview":"max-video-preview:-1"},"canonical":"https:\/\/www.alpinesportsandermatt.com\/about-us\/","og_locale":"de_DE","og_type":"article","og_title":"Who we are - Alpine Sports Andermatt","og_description":"At Alpine Sports Andermatt we go the extra mile to make your ski adventure a memorable and exhilarating experience.","og_url":"https:\/\/www.alpinesportsandermatt.com\/about-us\/","og_site_name":"Alpine Sports Andermatt","article_publisher":"https:\/\/www.facebook.com\/alpinesportsandermatt","article_modified_time":"2020-11-11T09:44:22+00:00","og_image":[{"url":"http:\/\/www.alpinesportsandermatt.com\/wp-content\/uploads\/2016\/08\/About-Alpine-Sports-Andermatt-Ski-School.jpg","type":"","width":"","height":""}],"twitter_misc":{"Gesch\u00e4tzte Lesezeit":"1\u00a0Minute"},"schema":{"@context":"https:\/\/schema.org","@graph":[{"@type":"WebPage","@id":"https:\/\/www.alpinesportsandermatt.com\/about-us\/","url":"https:\/\/www.alpinesportsandermatt.com\/about-us\/","name":"Who we are - Alpine Sports Andermatt","isPartOf":{"@id":"http:\/\/www.alpinesportsandermatt.com\/#website"},"primaryImageOfPage":{"@id":"https:\/\/www.alpinesportsandermatt.com\/about-us\/#primaryimage"},"image":{"@id":"https:\/\/www.alpinesportsandermatt.com\/about-us\/#primaryimage"},"thumbnailUrl":"http:\/\/www.alpinesportsandermatt.com\/wp-content\/uploads\/2016\/08\/About-Alpine-Sports-Andermatt-Ski-School.jpg","datePublished":"2015-06-14T11:25:46+00:00","dateModified":"2020-11-11T09:44:22+00:00","description":"At Alpine Sports Andermatt we go the extra mile to make your ski adventure a memorable and exhilarating experience.","breadcrumb":{"@id":"https:\/\/www.alpinesportsandermatt.com\/about-us\/#breadcrumb"},"inLanguage":"de","potentialAction":[{"@type":"ReadAction","target":["https:\/\/www.alpinesportsandermatt.com\/about-us\/"]}]},{"@type":"ImageObject","inLanguage":"de","@id":"https:\/\/www.alpinesportsandermatt.com\/about-us\/#primaryimage","url":"http:\/\/www.alpinesportsandermatt.com\/wp-content\/uploads\/2016\/08\/About-Alpine-Sports-Andermatt-Ski-School.jpg","contentUrl":"http:\/\/www.alpinesportsandermatt.com\/wp-content\/uploads\/2016\/08\/About-Alpine-Sports-Andermatt-Ski-School.jpg"},{"@type":"BreadcrumbList","@id":"https:\/\/www.alpinesportsandermatt.com\/about-us\/#breadcrumb","itemListElement":[{"@type":"ListItem","position":1,"name":"Startseite","item":"http:\/\/www.alpinesportsandermatt.com\/"},{"@type":"ListItem","position":2,"name":"About us"}]},{"@type":"WebSite","@id":"http:\/\/www.alpinesportsandermatt.com\/#website","url":"http:\/\/www.alpinesportsandermatt.com\/","name":"Alpine Sports Andermatt","description":"Premier Ski School in Andermatt","publisher":{"@id":"http:\/\/www.alpinesportsandermatt.com\/#organization"},"potentialAction":[{"@type":"SearchAction","target":{"@type":"EntryPoint","urlTemplate":"http:\/\/www.alpinesportsandermatt.com\/?s={search_term_string}"},"query-input":{"@type":"PropertyValueSpecification","valueRequired":true,"valueName":"search_term_string"}}],"inLanguage":"de"},{"@type":"Organization","@id":"http:\/\/www.alpinesportsandermatt.com\/#organization","name":"Alpine Sports Andermatt","url":"http:\/\/www.alpinesportsandermatt.com\/","logo":{"@type":"ImageObject","inLanguage":"de","@id":"http:\/\/www.alpinesportsandermatt.com\/#\/schema\/logo\/image\/","url":"http:\/\/www.alpinesportsandermatt.com\/wp-content\/uploads\/2015\/06\/ASA-logo-small-square.png","contentUrl":"http:\/\/www.alpinesportsandermatt.com\/wp-content\/uploads\/2015\/06\/ASA-logo-small-square.png","width":100,"height":100,"caption":"Alpine Sports Andermatt"},"image":{"@id":"http:\/\/www.alpinesportsandermatt.com\/#\/schema\/logo\/image\/"},"sameAs":["https:\/\/www.facebook.com\/alpinesportsandermatt","https:\/\/www.instagram.com\/alpinesportsandermatt\/"]}]}},"_links":{"self":[{"href":"https:\/\/www.alpinesportsandermatt.com\/de\/wp-json\/wp\/v2\/pages\/16","targetHints":{"allow":["GET"]}}],"collection":[{"href":"https:\/\/www.alpinesportsandermatt.com\/de\/wp-json\/wp\/v2\/pages"}],"about":[{"href":"https:\/\/www.alpinesportsandermatt.com\/de\/wp-json\/wp\/v2\/types\/page"}],"author":[{"embeddable":true,"href":"https:\/\/www.alpinesportsandermatt.com\/de\/wp-json\/wp\/v2\/users\/1"}],"replies":[{"embeddable":true,"href":"https:\/\/www.alpinesportsandermatt.com\/de\/wp-json\/wp\/v2\/comments?post=16"}],"version-history":[{"count":31,"href":"https:\/\/www.alpinesportsandermatt.com\/de\/wp-json\/wp\/v2\/pages\/16\/revisions"}],"predecessor-version":[{"id":1048,"href":"https:\/\/www.alpinesportsandermatt.com\/de\/wp-json\/wp\/v2\/pages\/16\/revisions\/1048"}],"wp:attachment":[{"href":"https:\/\/www.alpinesportsandermatt.com\/de\/wp-json\/wp\/v2\/media?parent=16"}],"curies":[{"name":"wp","href":"https:\/\/api.w.org\/{rel}","templated":true}]}}