{"id":14,"date":"2015-06-14T11:25:35","date_gmt":"2015-06-14T11:25:35","guid":{"rendered":"http:\/\/www.alpinesportsandermatt.com\/?page_id=14"},"modified":"2023-08-28T12:33:06","modified_gmt":"2023-08-28T12:33:06","slug":"home-page","status":"publish","type":"page","link":"https:\/\/www.alpinesportsandermatt.com\/de\/","title":{"rendered":"Home page"},"content":{"rendered":"<p><\/p>\n<h2>Herzlichen Willkommen bei Alpine Sports Andermatt<\/h2>\n<p>Das Team der Andermatt Skischule Alpine Sports freut sich darauf Sie in Andermatt herzlich willkommen zu heissen. Wir haben es uns zum Ziel gesetzt Sie rund um das Thema Skifahren, von der Planung bis zur Umsetzung, pers\u00f6nlich und auf Ihre Bed\u00fcrfnisse zugeschnitten zu unterst\u00fctzen und zu betreuen.<\/p>\n<p>Als internationale Skischule in Andermatt verf\u00fcgen wir \u00fcber bestens geschulte, mehrsprachige Skilehrer f\u00fcr Jung und Alt, f\u00fcr Skianf\u00e4nger bis zu K\u00f6nnern. Wir halten unsere Produkte einfach im Aufbau, immer individuell anpassbar auf Ihre Bed\u00fcrfnisse und selbstverst\u00e4ndlich ausgerichtet auf die technische Entwicklung rund um das Skifahren.<\/p>\n<p style=\"text-align: center;\"><strong>Ski it your Way<br \/>\n<\/strong><strong>leave the planning to us and enjoy\u00a0<\/strong><\/p>\n<p><\/p>","protected":false},"excerpt":{"rendered":"<p>Herzlichen Willkommen bei Alpine Sports Andermatt Das Team <a class=\"more-link\" href=\"https:\/\/www.alpinesportsandermatt.com\/de\/\">Read More &#8230;<\/a><\/p>\n","protected":false},"author":1,"featured_media":0,"parent":0,"menu_order":0,"comment_status":"closed","ping_status":"open","template":"","meta":{"footnotes":""},"class_list":["post-14","page","type-page","status-publish","hentry"],"yoast_head":"<!-- This site is optimized with the Yoast SEO plugin v26.1.1 - https:\/\/yoast.com\/wordpress\/plugins\/seo\/ -->\n<title>Ski School experts in Andermatt - Alpine Sports Andermatt<\/title>\n<meta name=\"description\" content=\"Alpine Sports Andermatt are snow enthusiasts and real ski experts. We take your skiing to the next level. Book your private ski lesson today!\" \/>\n<meta name=\"robots\" content=\"index, follow, max-snippet:-1, max-image-preview:large, max-video-preview:-1\" \/>\n<link rel=\"canonical\" href=\"http:\/\/www.alpinesportsandermatt.com\/\" \/>\n<meta property=\"og:locale\" content=\"de_DE\" \/>\n<meta property=\"og:type\" content=\"article\" \/>\n<meta property=\"og:title\" content=\"Alpine Sports Andermatt - International Ski School in Andermatt\" \/>\n<meta property=\"og:description\" content=\"Andermatt&#039;s premier Ski School with internationally certified ski instructors - Let us take your ski lesson to new levels with an Alpine Sports ski teacher personally selected to match your wishes, ability and personality - Book Your Ski Teacher Today!\" \/>\n<meta property=\"og:url\" content=\"http:\/\/www.alpinesportsandermatt.com\/\" \/>\n<meta property=\"og:site_name\" content=\"Alpine Sports Andermatt\" \/>\n<meta property=\"article:publisher\" content=\"https:\/\/www.facebook.com\/alpinesportsandermatt\" \/>\n<meta property=\"article:modified_time\" content=\"2023-08-28T12:33:06+00:00\" \/>\n<meta name=\"twitter:label1\" content=\"Gesch\u00e4tzte Lesezeit\" \/>\n\t<meta name=\"twitter:data1\" content=\"2\u00a0Minuten\" \/>\n<script type=\"application\/ld+json\" class=\"yoast-schema-graph\">{\"@context\":\"https:\/\/schema.org\",\"@graph\":[{\"@type\":\"WebPage\",\"@id\":\"http:\/\/www.alpinesportsandermatt.com\/\",\"url\":\"http:\/\/www.alpinesportsandermatt.com\/\",\"name\":\"Ski School experts in Andermatt - Alpine Sports Andermatt\",\"isPartOf\":{\"@id\":\"http:\/\/www.alpinesportsandermatt.com\/#website\"},\"datePublished\":\"2015-06-14T11:25:35+00:00\",\"dateModified\":\"2023-08-28T12:33:06+00:00\",\"description\":\"Alpine Sports Andermatt are snow enthusiasts and real ski experts. We take your skiing to the next level. Book your private ski lesson today!\",\"breadcrumb\":{\"@id\":\"http:\/\/www.alpinesportsandermatt.com\/#breadcrumb\"},\"inLanguage\":\"de\",\"potentialAction\":[{\"@type\":\"ReadAction\",\"target\":[\"http:\/\/www.alpinesportsandermatt.com\/\"]}]},{\"@type\":\"BreadcrumbList\",\"@id\":\"http:\/\/www.alpinesportsandermatt.com\/#breadcrumb\",\"itemListElement\":[{\"@type\":\"ListItem\",\"position\":1,\"name\":\"Startseite\",\"item\":\"http:\/\/www.alpinesportsandermatt.com\/\"},{\"@type\":\"ListItem\",\"position\":2,\"name\":\"Home page\"}]},{\"@type\":\"WebSite\",\"@id\":\"http:\/\/www.alpinesportsandermatt.com\/#website\",\"url\":\"http:\/\/www.alpinesportsandermatt.com\/\",\"name\":\"Alpine Sports Andermatt\",\"description\":\"Premier Ski School in Andermatt\",\"publisher\":{\"@id\":\"http:\/\/www.alpinesportsandermatt.com\/#organization\"},\"potentialAction\":[{\"@type\":\"SearchAction\",\"target\":{\"@type\":\"EntryPoint\",\"urlTemplate\":\"http:\/\/www.alpinesportsandermatt.com\/?s={search_term_string}\"},\"query-input\":{\"@type\":\"PropertyValueSpecification\",\"valueRequired\":true,\"valueName\":\"search_term_string\"}}],\"inLanguage\":\"de\"},{\"@type\":\"Organization\",\"@id\":\"http:\/\/www.alpinesportsandermatt.com\/#organization\",\"name\":\"Alpine Sports Andermatt\",\"url\":\"http:\/\/www.alpinesportsandermatt.com\/\",\"logo\":{\"@type\":\"ImageObject\",\"inLanguage\":\"de\",\"@id\":\"http:\/\/www.alpinesportsandermatt.com\/#\/schema\/logo\/image\/\",\"url\":\"http:\/\/www.alpinesportsandermatt.com\/wp-content\/uploads\/2015\/06\/ASA-logo-small-square.png\",\"contentUrl\":\"http:\/\/www.alpinesportsandermatt.com\/wp-content\/uploads\/2015\/06\/ASA-logo-small-square.png\",\"width\":100,\"height\":100,\"caption\":\"Alpine Sports Andermatt\"},\"image\":{\"@id\":\"http:\/\/www.alpinesportsandermatt.com\/#\/schema\/logo\/image\/\"},\"sameAs\":[\"https:\/\/www.facebook.com\/alpinesportsandermatt\",\"https:\/\/www.instagram.com\/alpinesportsandermatt\/\"]}]}<\/script>\n<!-- \/ Yoast SEO plugin. -->","yoast_head_json":{"title":"Ski School experts in Andermatt - Alpine Sports Andermatt","description":"Alpine Sports Andermatt are snow enthusiasts and real ski experts. We take your skiing to the next level. Book your private ski lesson today!","robots":{"index":"index","follow":"follow","max-snippet":"max-snippet:-1","max-image-preview":"max-image-preview:large","max-video-preview":"max-video-preview:-1"},"canonical":"http:\/\/www.alpinesportsandermatt.com\/","og_locale":"de_DE","og_type":"article","og_title":"Alpine Sports Andermatt - International Ski School in Andermatt","og_description":"Andermatt's premier Ski School with internationally certified ski instructors - Let us take your ski lesson to new levels with an Alpine Sports ski teacher personally selected to match your wishes, ability and personality - Book Your Ski Teacher Today!","og_url":"http:\/\/www.alpinesportsandermatt.com\/","og_site_name":"Alpine Sports Andermatt","article_publisher":"https:\/\/www.facebook.com\/alpinesportsandermatt","article_modified_time":"2023-08-28T12:33:06+00:00","twitter_misc":{"Gesch\u00e4tzte Lesezeit":"2\u00a0Minuten"},"schema":{"@context":"https:\/\/schema.org","@graph":[{"@type":"WebPage","@id":"http:\/\/www.alpinesportsandermatt.com\/","url":"http:\/\/www.alpinesportsandermatt.com\/","name":"Ski School experts in Andermatt - Alpine Sports Andermatt","isPartOf":{"@id":"http:\/\/www.alpinesportsandermatt.com\/#website"},"datePublished":"2015-06-14T11:25:35+00:00","dateModified":"2023-08-28T12:33:06+00:00","description":"Alpine Sports Andermatt are snow enthusiasts and real ski experts. We take your skiing to the next level. Book your private ski lesson today!","breadcrumb":{"@id":"http:\/\/www.alpinesportsandermatt.com\/#breadcrumb"},"inLanguage":"de","potentialAction":[{"@type":"ReadAction","target":["http:\/\/www.alpinesportsandermatt.com\/"]}]},{"@type":"BreadcrumbList","@id":"http:\/\/www.alpinesportsandermatt.com\/#breadcrumb","itemListElement":[{"@type":"ListItem","position":1,"name":"Startseite","item":"http:\/\/www.alpinesportsandermatt.com\/"},{"@type":"ListItem","position":2,"name":"Home page"}]},{"@type":"WebSite","@id":"http:\/\/www.alpinesportsandermatt.com\/#website","url":"http:\/\/www.alpinesportsandermatt.com\/","name":"Alpine Sports Andermatt","description":"Premier Ski School in Andermatt","publisher":{"@id":"http:\/\/www.alpinesportsandermatt.com\/#organization"},"potentialAction":[{"@type":"SearchAction","target":{"@type":"EntryPoint","urlTemplate":"http:\/\/www.alpinesportsandermatt.com\/?s={search_term_string}"},"query-input":{"@type":"PropertyValueSpecification","valueRequired":true,"valueName":"search_term_string"}}],"inLanguage":"de"},{"@type":"Organization","@id":"http:\/\/www.alpinesportsandermatt.com\/#organization","name":"Alpine Sports Andermatt","url":"http:\/\/www.alpinesportsandermatt.com\/","logo":{"@type":"ImageObject","inLanguage":"de","@id":"http:\/\/www.alpinesportsandermatt.com\/#\/schema\/logo\/image\/","url":"http:\/\/www.alpinesportsandermatt.com\/wp-content\/uploads\/2015\/06\/ASA-logo-small-square.png","contentUrl":"http:\/\/www.alpinesportsandermatt.com\/wp-content\/uploads\/2015\/06\/ASA-logo-small-square.png","width":100,"height":100,"caption":"Alpine Sports Andermatt"},"image":{"@id":"http:\/\/www.alpinesportsandermatt.com\/#\/schema\/logo\/image\/"},"sameAs":["https:\/\/www.facebook.com\/alpinesportsandermatt","https:\/\/www.instagram.com\/alpinesportsandermatt\/"]}]}},"_links":{"self":[{"href":"https:\/\/www.alpinesportsandermatt.com\/de\/wp-json\/wp\/v2\/pages\/14","targetHints":{"allow":["GET"]}}],"collection":[{"href":"https:\/\/www.alpinesportsandermatt.com\/de\/wp-json\/wp\/v2\/pages"}],"about":[{"href":"https:\/\/www.alpinesportsandermatt.com\/de\/wp-json\/wp\/v2\/types\/page"}],"author":[{"embeddable":true,"href":"https:\/\/www.alpinesportsandermatt.com\/de\/wp-json\/wp\/v2\/users\/1"}],"replies":[{"embeddable":true,"href":"https:\/\/www.alpinesportsandermatt.com\/de\/wp-json\/wp\/v2\/comments?post=14"}],"version-history":[{"count":61,"href":"https:\/\/www.alpinesportsandermatt.com\/de\/wp-json\/wp\/v2\/pages\/14\/revisions"}],"predecessor-version":[{"id":1214,"href":"https:\/\/www.alpinesportsandermatt.com\/de\/wp-json\/wp\/v2\/pages\/14\/revisions\/1214"}],"wp:attachment":[{"href":"https:\/\/www.alpinesportsandermatt.com\/de\/wp-json\/wp\/v2\/media?parent=14"}],"curies":[{"name":"wp","href":"https:\/\/api.w.org\/{rel}","templated":true}]}}